{"id":9652,"date":"2025-04-22T22:01:46","date_gmt":"2025-04-22T22:01:46","guid":{"rendered":"https:\/\/laferraille.ma\/?post_type=product&#038;p=9652"},"modified":"2025-06-23T15:00:16","modified_gmt":"2025-06-23T15:00:16","slug":"ferrailles-et-pieces-neuves-de-motos-importees-des-usa","status":"publish","type":"product","link":"https:\/\/laferraille.ma\/ar\/product\/ferrailles-et-pieces-neuves-de-motos-importees-des-usa\/","title":{"rendered":"Ferrailles et pi\u00e8ces neuves de motos import\u00e9es des USA"},"content":{"rendered":"<p>Vente  des pi\u00e8ces de  ferraille de Motos (Moteur, Pi\u00e8ces de moteur et autres) KAWASAKI, HONDA, HARLEY DAVIDSON, YAMAHA etc, ainsi que les Pi\u00e8ces et carrosseries neuves, accessoires  import\u00e9es des USA.<\/p>","protected":false},"excerpt":{"rendered":"<p>Vente des pi\u00e8ces de ferraille de Motos (Moteur, Pi\u00e8ces de moteur et autres) KAWASAKI, HONDA, HARLEY DAVIDSON, YAMAHA etc, ainsi que les Pi\u00e8ces et carrosseries neuves, accessoires import\u00e9es des USA.<\/p>","protected":false},"featured_media":10201,"comment_status":"open","ping_status":"closed","template":"","meta":{"inline_featured_image":false},"product_brand":[],"product_cat":[287],"product_tag":[],"class_list":{"0":"post-9652","1":"product","2":"type-product","3":"status-publish","4":"has-post-thumbnail","6":"product_cat-autos","8":"first","9":"instock","10":"shipping-taxable","11":"purchasable","12":"product-type-simple"},"_links":{"self":[{"href":"https:\/\/laferraille.ma\/ar\/wp-json\/wp\/v2\/product\/9652","targetHints":{"allow":["GET"]}}],"collection":[{"href":"https:\/\/laferraille.ma\/ar\/wp-json\/wp\/v2\/product"}],"about":[{"href":"https:\/\/laferraille.ma\/ar\/wp-json\/wp\/v2\/types\/product"}],"replies":[{"embeddable":true,"href":"https:\/\/laferraille.ma\/ar\/wp-json\/wp\/v2\/comments?post=9652"}],"version-history":[{"count":1,"href":"https:\/\/laferraille.ma\/ar\/wp-json\/wp\/v2\/product\/9652\/revisions"}],"predecessor-version":[{"id":9682,"href":"https:\/\/laferraille.ma\/ar\/wp-json\/wp\/v2\/product\/9652\/revisions\/9682"}],"wp:featuredmedia":[{"embeddable":true,"href":"https:\/\/laferraille.ma\/ar\/wp-json\/wp\/v2\/media\/10201"}],"wp:attachment":[{"href":"https:\/\/laferraille.ma\/ar\/wp-json\/wp\/v2\/media?parent=9652"}],"wp:term":[{"taxonomy":"product_brand","embeddable":true,"href":"https:\/\/laferraille.ma\/ar\/wp-json\/wp\/v2\/product_brand?post=9652"},{"taxonomy":"product_cat","embeddable":true,"href":"https:\/\/laferraille.ma\/ar\/wp-json\/wp\/v2\/product_cat?post=9652"},{"taxonomy":"product_tag","embeddable":true,"href":"https:\/\/laferraille.ma\/ar\/wp-json\/wp\/v2\/product_tag?post=9652"}],"curies":[{"name":"wp","href":"https:\/\/api.w.org\/{rel}","templated":true}]}}