{"id":9554,"date":"2025-04-22T22:01:41","date_gmt":"2025-04-22T22:01:41","guid":{"rendered":"https:\/\/laferraille.ma\/?post_type=product&#038;p=9554"},"modified":"2025-06-23T15:39:53","modified_gmt":"2025-06-23T15:39:53","slug":"focus-2016","status":"publish","type":"product","link":"https:\/\/laferraille.ma\/ar\/product\/focus-2016\/","title":{"rendered":"Focus 2016"},"content":{"rendered":"<p>Vente \u00e9pave mod\u00e8le 2016<br \/>\n\u00c2ge : 5mois<br \/>\nKilom\u00e9trage : 5800klm<br \/>\nMoteur en bonne \u00e9tat<br \/>\nD\u00e9clar\u00e9e \u00e9pave <\/p>","protected":false},"excerpt":{"rendered":"<p>Vente \u00e9pave mod\u00e8le 2016 \u00c2ge : 5mois Kilom\u00e9trage : 5800klm Moteur en bonne \u00e9tat D\u00e9clar\u00e9e \u00e9pave<\/p>","protected":false},"featured_media":10163,"comment_status":"open","ping_status":"closed","template":"","meta":{"inline_featured_image":false},"product_brand":[],"product_cat":[287],"product_tag":[],"class_list":{"0":"post-9554","1":"product","2":"type-product","3":"status-publish","4":"has-post-thumbnail","6":"product_cat-autos","8":"first","9":"instock","10":"shipping-taxable","11":"purchasable","12":"product-type-simple"},"_links":{"self":[{"href":"https:\/\/laferraille.ma\/ar\/wp-json\/wp\/v2\/product\/9554","targetHints":{"allow":["GET"]}}],"collection":[{"href":"https:\/\/laferraille.ma\/ar\/wp-json\/wp\/v2\/product"}],"about":[{"href":"https:\/\/laferraille.ma\/ar\/wp-json\/wp\/v2\/types\/product"}],"replies":[{"embeddable":true,"href":"https:\/\/laferraille.ma\/ar\/wp-json\/wp\/v2\/comments?post=9554"}],"version-history":[{"count":1,"href":"https:\/\/laferraille.ma\/ar\/wp-json\/wp\/v2\/product\/9554\/revisions"}],"predecessor-version":[{"id":9584,"href":"https:\/\/laferraille.ma\/ar\/wp-json\/wp\/v2\/product\/9554\/revisions\/9584"}],"wp:featuredmedia":[{"embeddable":true,"href":"https:\/\/laferraille.ma\/ar\/wp-json\/wp\/v2\/media\/10163"}],"wp:attachment":[{"href":"https:\/\/laferraille.ma\/ar\/wp-json\/wp\/v2\/media?parent=9554"}],"wp:term":[{"taxonomy":"product_brand","embeddable":true,"href":"https:\/\/laferraille.ma\/ar\/wp-json\/wp\/v2\/product_brand?post=9554"},{"taxonomy":"product_cat","embeddable":true,"href":"https:\/\/laferraille.ma\/ar\/wp-json\/wp\/v2\/product_cat?post=9554"},{"taxonomy":"product_tag","embeddable":true,"href":"https:\/\/laferraille.ma\/ar\/wp-json\/wp\/v2\/product_tag?post=9554"}],"curies":[{"name":"wp","href":"https:\/\/api.w.org\/{rel}","templated":true}]}}