{"id":9430,"date":"2025-04-22T22:01:34","date_gmt":"2025-04-22T22:01:34","guid":{"rendered":"https:\/\/laferraille.ma\/?post_type=product&#038;p=9430"},"modified":"2025-06-23T15:52:16","modified_gmt":"2025-06-23T15:52:16","slug":"polo-2013-diesel","status":"publish","type":"product","link":"https:\/\/laferraille.ma\/ar\/product\/polo-2013-diesel\/","title":{"rendered":"POLO 2013 diesel"},"content":{"rendered":"<p>POLO diesel accident\u00e9 boite manuel<br \/>\nBeaucoup de pi\u00e8ce \u00e0 r\u00e9cup\u00e9rer.<\/p>","protected":false},"excerpt":{"rendered":"<p>POLO diesel accident\u00e9 boite manuel Beaucoup de pi\u00e8ce \u00e0 r\u00e9cup\u00e9rer.<\/p>","protected":false},"featured_media":10043,"comment_status":"open","ping_status":"closed","template":"","meta":{"inline_featured_image":false},"product_brand":[],"product_cat":[287],"product_tag":[],"class_list":{"0":"post-9430","1":"product","2":"type-product","3":"status-publish","4":"has-post-thumbnail","6":"product_cat-autos","8":"first","9":"instock","10":"shipping-taxable","11":"purchasable","12":"product-type-simple"},"_links":{"self":[{"href":"https:\/\/laferraille.ma\/ar\/wp-json\/wp\/v2\/product\/9430","targetHints":{"allow":["GET"]}}],"collection":[{"href":"https:\/\/laferraille.ma\/ar\/wp-json\/wp\/v2\/product"}],"about":[{"href":"https:\/\/laferraille.ma\/ar\/wp-json\/wp\/v2\/types\/product"}],"replies":[{"embeddable":true,"href":"https:\/\/laferraille.ma\/ar\/wp-json\/wp\/v2\/comments?post=9430"}],"version-history":[{"count":1,"href":"https:\/\/laferraille.ma\/ar\/wp-json\/wp\/v2\/product\/9430\/revisions"}],"predecessor-version":[{"id":9460,"href":"https:\/\/laferraille.ma\/ar\/wp-json\/wp\/v2\/product\/9430\/revisions\/9460"}],"wp:featuredmedia":[{"embeddable":true,"href":"https:\/\/laferraille.ma\/ar\/wp-json\/wp\/v2\/media\/10043"}],"wp:attachment":[{"href":"https:\/\/laferraille.ma\/ar\/wp-json\/wp\/v2\/media?parent=9430"}],"wp:term":[{"taxonomy":"product_brand","embeddable":true,"href":"https:\/\/laferraille.ma\/ar\/wp-json\/wp\/v2\/product_brand?post=9430"},{"taxonomy":"product_cat","embeddable":true,"href":"https:\/\/laferraille.ma\/ar\/wp-json\/wp\/v2\/product_cat?post=9430"},{"taxonomy":"product_tag","embeddable":true,"href":"https:\/\/laferraille.ma\/ar\/wp-json\/wp\/v2\/product_tag?post=9430"}],"curies":[{"name":"wp","href":"https:\/\/api.w.org\/{rel}","templated":true}]}}