{"id":6942,"date":"2024-12-13T17:35:21","date_gmt":"2024-12-13T17:35:21","guid":{"rendered":"https:\/\/laferraille.ma\/?post_type=product&#038;p=6942"},"modified":"2025-07-05T16:25:43","modified_gmt":"2025-07-05T16:25:43","slug":"joint-detancheite-de-porte-5","status":"publish","type":"product","link":"https:\/\/laferraille.ma\/ar\/product\/joint-detancheite-de-porte-5\/","title":{"rendered":"Joint d&rsquo;\u00e9tanch\u00e9it\u00e9 de porte"},"content":{"rendered":"","protected":false},"excerpt":{"rendered":"","protected":false},"featured_media":14210,"comment_status":"open","ping_status":"closed","template":"","meta":{"inline_featured_image":false},"product_brand":[],"product_cat":[287],"product_tag":[],"class_list":{"0":"post-6942","1":"product","2":"type-product","3":"status-publish","4":"has-post-thumbnail","6":"product_cat-autos","8":"first","9":"instock","10":"shipping-taxable","11":"purchasable","12":"product-type-simple"},"_links":{"self":[{"href":"https:\/\/laferraille.ma\/ar\/wp-json\/wp\/v2\/product\/6942","targetHints":{"allow":["GET"]}}],"collection":[{"href":"https:\/\/laferraille.ma\/ar\/wp-json\/wp\/v2\/product"}],"about":[{"href":"https:\/\/laferraille.ma\/ar\/wp-json\/wp\/v2\/types\/product"}],"replies":[{"embeddable":true,"href":"https:\/\/laferraille.ma\/ar\/wp-json\/wp\/v2\/comments?post=6942"}],"version-history":[{"count":2,"href":"https:\/\/laferraille.ma\/ar\/wp-json\/wp\/v2\/product\/6942\/revisions"}],"predecessor-version":[{"id":14211,"href":"https:\/\/laferraille.ma\/ar\/wp-json\/wp\/v2\/product\/6942\/revisions\/14211"}],"wp:featuredmedia":[{"embeddable":true,"href":"https:\/\/laferraille.ma\/ar\/wp-json\/wp\/v2\/media\/14210"}],"wp:attachment":[{"href":"https:\/\/laferraille.ma\/ar\/wp-json\/wp\/v2\/media?parent=6942"}],"wp:term":[{"taxonomy":"product_brand","embeddable":true,"href":"https:\/\/laferraille.ma\/ar\/wp-json\/wp\/v2\/product_brand?post=6942"},{"taxonomy":"product_cat","embeddable":true,"href":"https:\/\/laferraille.ma\/ar\/wp-json\/wp\/v2\/product_cat?post=6942"},{"taxonomy":"product_tag","embeddable":true,"href":"https:\/\/laferraille.ma\/ar\/wp-json\/wp\/v2\/product_tag?post=6942"}],"curies":[{"name":"wp","href":"https:\/\/api.w.org\/{rel}","templated":true}]}}